{"id":45,"date":"2024-04-23T12:04:39","date_gmt":"2024-04-23T12:04:39","guid":{"rendered":"https:\/\/abacbarcelona.com\/cram\/?page_id=45"},"modified":"2024-12-23T10:45:06","modified_gmt":"2024-12-23T10:45:06","slug":"politica-de-privacidad","status":"publish","type":"page","link":"https:\/\/hotelcram.com\/es\/politica-de-privacidad\/","title":{"rendered":"Pol\u00edtica de Privacidad"},"content":{"rendered":"\n<p>De acuerdo con lo establecido por la Ley Org\u00e1nica 03\/2018, de 05 de diciembre, de Protecci\u00f3n de Datos de Car\u00e1cter Personal y Garant\u00eda de Derechos Digitales (LOPD &#8211; GDD), consiento que los datos facilitados en el formulario sean incorporados a un fichero del que es titular ARA 212 S.L., con la finalidad de:<\/p>\n\n\n\n<p>La tramitaci\u00f3n y gesti\u00f3n de la solicitud de informaci\u00f3n, contrato o pre-contrato realizado por el usuario mediante esta web, tel\u00e9fono, correo postal o correo electr\u00f3nico. La gesti\u00f3n y control peri\u00f3dico de los servicios ofertados ofrecidos por los medios antes mencionados. El env\u00edo de informaci\u00f3n comercial sobre servicios y productos de ARA 212 S.L., empresas del grupo y filiales pudieran ofrecer al usuario de esta web.<\/p>\n\n\n\n<p>La cumplimentaci\u00f3n de todos los datos personales facilitados es totalmente voluntaria, pero necesaria para la gesti\u00f3n de su solicitud y el usuario se hace responsable acerca de su veracidad y exactitud.&nbsp;<\/p>\n\n\n\n<p>Consiento que mis datos puedan ser cedidos, exclusivamente para las finalidades indicadas anteriormente, a otras entidades pertenecientes al grupo de empresas de ARA 212 S.L., filiales y participadas, as\u00ed como a otras personas f\u00edsicas o jur\u00eddicas que, asimismo, desarrollen cualesquiera de las referidas actividades y con las que las distintas entidades de las empresas antes mencionadas concluyan acuerdos de colaboraci\u00f3n. Todo ello tanto si se formalizase o no operaci\u00f3n alguna.<\/p>\n\n\n\n<p>Asimismo, declaro haber sido informado de la posibilidad de ejercer los derechos de acceso, rectificaci\u00f3n, supresi\u00f3n, limitaci\u00f3n del tratamiento, portabilidad de los datos, oposici\u00f3n, a no ser objeto de decisiones individuales y automatizadas de mis datos, mediante comunicaci\u00f3n escrita dirigida a: ARA 212 S.L C \/ Arag\u00f3n 212 entlo. 2nd, 08011 Barcelona RF. LOPD, o mediante correo electr\u00f3nico a: lopd@abacgroup.barcelona identific\u00e1ndome debidamente.&nbsp; &nbsp; &nbsp;&nbsp;<\/p>\n","protected":false},"excerpt":{"rendered":"<p>De acuerdo con lo establecido por la Ley Org\u00e1nica 03\/2018, de 05 de diciembre, de Protecci\u00f3n de Datos de Car\u00e1cter Personal y Garant\u00eda de Derechos Digitales (LOPD &#8211; GDD), consiento que los datos facilitados en el formulario sean incorporados a un fichero del que es titular ARA 212 S.L., con la finalidad de: La tramitaci\u00f3n [&hellip;]<\/p>\n","protected":false},"author":1,"featured_media":0,"parent":0,"menu_order":0,"comment_status":"closed","ping_status":"closed","template":"","meta":{"_acf_changed":false,"inline_featured_image":false,"footnotes":""},"class_list":["post-45","page","type-page","status-publish","hentry"],"acf":[],"yoast_head":"<!-- This site is optimized with the Yoast SEO plugin v26.7 - https:\/\/yoast.com\/wordpress\/plugins\/seo\/ -->\n<title>Pol\u00edtica de Privacidad - Hotel Cram Barcelona<\/title>\n<meta name=\"robots\" content=\"index, follow, max-snippet:-1, max-image-preview:large, max-video-preview:-1\" \/>\n<link rel=\"canonical\" href=\"https:\/\/hotelcram.com\/es\/politica-de-privacidad\/\" \/>\n<meta property=\"og:locale\" content=\"es_ES\" \/>\n<meta property=\"og:type\" content=\"article\" \/>\n<meta property=\"og:title\" content=\"Pol\u00edtica de Privacidad - Hotel Cram Barcelona\" \/>\n<meta property=\"og:description\" content=\"De acuerdo con lo establecido por la Ley Org\u00e1nica 03\/2018, de 05 de diciembre, de Protecci\u00f3n de Datos de Car\u00e1cter Personal y Garant\u00eda de Derechos Digitales (LOPD &#8211; GDD), consiento que los datos facilitados en el formulario sean incorporados a un fichero del que es titular ARA 212 S.L., con la finalidad de: La tramitaci\u00f3n [&hellip;]\" \/>\n<meta property=\"og:url\" content=\"https:\/\/hotelcram.com\/es\/politica-de-privacidad\/\" \/>\n<meta property=\"og:site_name\" content=\"Hotel Cram Barcelona\" \/>\n<meta property=\"article:modified_time\" content=\"2024-12-23T10:45:06+00:00\" \/>\n<meta name=\"twitter:card\" content=\"summary_large_image\" \/>\n<meta name=\"twitter:label1\" content=\"Tiempo de lectura\" \/>\n\t<meta name=\"twitter:data1\" content=\"2 minutos\" \/>\n<script type=\"application\/ld+json\" class=\"yoast-schema-graph\">{\"@context\":\"https:\/\/schema.org\",\"@graph\":[{\"@type\":\"WebPage\",\"@id\":\"https:\/\/hotelcram.com\/es\/politica-de-privacidad\/\",\"url\":\"https:\/\/hotelcram.com\/es\/politica-de-privacidad\/\",\"name\":\"Pol\u00edtica de Privacidad - Hotel Cram Barcelona\",\"isPartOf\":{\"@id\":\"https:\/\/hotelcram.com\/es\/#website\"},\"datePublished\":\"2024-04-23T12:04:39+00:00\",\"dateModified\":\"2024-12-23T10:45:06+00:00\",\"breadcrumb\":{\"@id\":\"https:\/\/hotelcram.com\/es\/politica-de-privacidad\/#breadcrumb\"},\"inLanguage\":\"es\",\"potentialAction\":[{\"@type\":\"ReadAction\",\"target\":[\"https:\/\/hotelcram.com\/es\/politica-de-privacidad\/\"]}]},{\"@type\":\"BreadcrumbList\",\"@id\":\"https:\/\/hotelcram.com\/es\/politica-de-privacidad\/#breadcrumb\",\"itemListElement\":[{\"@type\":\"ListItem\",\"position\":1,\"name\":\"Home\",\"item\":\"https:\/\/hotelcram.com\/es\/\"},{\"@type\":\"ListItem\",\"position\":2,\"name\":\"Pol\u00edtica de Privacidad\"}]},{\"@type\":\"WebSite\",\"@id\":\"https:\/\/hotelcram.com\/es\/#website\",\"url\":\"https:\/\/hotelcram.com\/es\/\",\"name\":\"Hotel Cram Barcelona\",\"description\":\"\",\"publisher\":{\"@id\":\"https:\/\/hotelcram.com\/es\/#organization\"},\"potentialAction\":[{\"@type\":\"SearchAction\",\"target\":{\"@type\":\"EntryPoint\",\"urlTemplate\":\"https:\/\/hotelcram.com\/es\/?s={search_term_string}\"},\"query-input\":{\"@type\":\"PropertyValueSpecification\",\"valueRequired\":true,\"valueName\":\"search_term_string\"}}],\"inLanguage\":\"es\"},{\"@type\":\"Organization\",\"@id\":\"https:\/\/hotelcram.com\/es\/#organization\",\"name\":\"Hotel Cram Barcelona\",\"url\":\"https:\/\/hotelcram.com\/es\/\",\"logo\":{\"@type\":\"ImageObject\",\"inLanguage\":\"es\",\"@id\":\"https:\/\/hotelcram.com\/es\/#\/schema\/logo\/image\/\",\"url\":\"https:\/\/hotelcram.com\/wp-content\/uploads\/sites\/3\/2024\/11\/cropped-fav-cram.png\",\"contentUrl\":\"https:\/\/hotelcram.com\/wp-content\/uploads\/sites\/3\/2024\/11\/cropped-fav-cram.png\",\"width\":512,\"height\":512,\"caption\":\"Hotel Cram Barcelona\"},\"image\":{\"@id\":\"https:\/\/hotelcram.com\/es\/#\/schema\/logo\/image\/\"}}]}<\/script>\n<!-- \/ Yoast SEO plugin. -->","yoast_head_json":{"title":"Pol\u00edtica de Privacidad - Hotel Cram Barcelona","robots":{"index":"index","follow":"follow","max-snippet":"max-snippet:-1","max-image-preview":"max-image-preview:large","max-video-preview":"max-video-preview:-1"},"canonical":"https:\/\/hotelcram.com\/es\/politica-de-privacidad\/","og_locale":"es_ES","og_type":"article","og_title":"Pol\u00edtica de Privacidad - Hotel Cram Barcelona","og_description":"De acuerdo con lo establecido por la Ley Org\u00e1nica 03\/2018, de 05 de diciembre, de Protecci\u00f3n de Datos de Car\u00e1cter Personal y Garant\u00eda de Derechos Digitales (LOPD &#8211; GDD), consiento que los datos facilitados en el formulario sean incorporados a un fichero del que es titular ARA 212 S.L., con la finalidad de: La tramitaci\u00f3n [&hellip;]","og_url":"https:\/\/hotelcram.com\/es\/politica-de-privacidad\/","og_site_name":"Hotel Cram Barcelona","article_modified_time":"2024-12-23T10:45:06+00:00","twitter_card":"summary_large_image","twitter_misc":{"Tiempo de lectura":"2 minutos"},"schema":{"@context":"https:\/\/schema.org","@graph":[{"@type":"WebPage","@id":"https:\/\/hotelcram.com\/es\/politica-de-privacidad\/","url":"https:\/\/hotelcram.com\/es\/politica-de-privacidad\/","name":"Pol\u00edtica de Privacidad - Hotel Cram Barcelona","isPartOf":{"@id":"https:\/\/hotelcram.com\/es\/#website"},"datePublished":"2024-04-23T12:04:39+00:00","dateModified":"2024-12-23T10:45:06+00:00","breadcrumb":{"@id":"https:\/\/hotelcram.com\/es\/politica-de-privacidad\/#breadcrumb"},"inLanguage":"es","potentialAction":[{"@type":"ReadAction","target":["https:\/\/hotelcram.com\/es\/politica-de-privacidad\/"]}]},{"@type":"BreadcrumbList","@id":"https:\/\/hotelcram.com\/es\/politica-de-privacidad\/#breadcrumb","itemListElement":[{"@type":"ListItem","position":1,"name":"Home","item":"https:\/\/hotelcram.com\/es\/"},{"@type":"ListItem","position":2,"name":"Pol\u00edtica de Privacidad"}]},{"@type":"WebSite","@id":"https:\/\/hotelcram.com\/es\/#website","url":"https:\/\/hotelcram.com\/es\/","name":"Hotel Cram Barcelona","description":"","publisher":{"@id":"https:\/\/hotelcram.com\/es\/#organization"},"potentialAction":[{"@type":"SearchAction","target":{"@type":"EntryPoint","urlTemplate":"https:\/\/hotelcram.com\/es\/?s={search_term_string}"},"query-input":{"@type":"PropertyValueSpecification","valueRequired":true,"valueName":"search_term_string"}}],"inLanguage":"es"},{"@type":"Organization","@id":"https:\/\/hotelcram.com\/es\/#organization","name":"Hotel Cram Barcelona","url":"https:\/\/hotelcram.com\/es\/","logo":{"@type":"ImageObject","inLanguage":"es","@id":"https:\/\/hotelcram.com\/es\/#\/schema\/logo\/image\/","url":"https:\/\/hotelcram.com\/wp-content\/uploads\/sites\/3\/2024\/11\/cropped-fav-cram.png","contentUrl":"https:\/\/hotelcram.com\/wp-content\/uploads\/sites\/3\/2024\/11\/cropped-fav-cram.png","width":512,"height":512,"caption":"Hotel Cram Barcelona"},"image":{"@id":"https:\/\/hotelcram.com\/es\/#\/schema\/logo\/image\/"}}]}},"_links":{"self":[{"href":"https:\/\/hotelcram.com\/es\/wp-json\/wp\/v2\/pages\/45","targetHints":{"allow":["GET"]}}],"collection":[{"href":"https:\/\/hotelcram.com\/es\/wp-json\/wp\/v2\/pages"}],"about":[{"href":"https:\/\/hotelcram.com\/es\/wp-json\/wp\/v2\/types\/page"}],"author":[{"embeddable":true,"href":"https:\/\/hotelcram.com\/es\/wp-json\/wp\/v2\/users\/1"}],"replies":[{"embeddable":true,"href":"https:\/\/hotelcram.com\/es\/wp-json\/wp\/v2\/comments?post=45"}],"version-history":[{"count":2,"href":"https:\/\/hotelcram.com\/es\/wp-json\/wp\/v2\/pages\/45\/revisions"}],"predecessor-version":[{"id":3025,"href":"https:\/\/hotelcram.com\/es\/wp-json\/wp\/v2\/pages\/45\/revisions\/3025"}],"wp:attachment":[{"href":"https:\/\/hotelcram.com\/es\/wp-json\/wp\/v2\/media?parent=45"}],"curies":[{"name":"wp","href":"https:\/\/api.w.org\/{rel}","templated":true}]}}