{"id":3456,"date":"2025-06-16T08:27:04","date_gmt":"2025-06-16T08:27:04","guid":{"rendered":"https:\/\/hotelcram.com\/?page_id=3456"},"modified":"2025-07-08T09:37:38","modified_gmt":"2025-07-08T09:37:38","slug":"hotel-lliure-fums","status":"publish","type":"page","link":"https:\/\/hotelcram.com\/ca\/hotel-lliure-fums\/","title":{"rendered":"Hotel lliure de fums"},"content":{"rendered":"\r\n<p><strong>Declaraci\u00f3 de comprom\u00eds: hotel 100\u00a0% lliure de fum<\/strong><\/p>\r\n<p>Reafirmem el nostre comprom\u00eds amb el benestar, la salut i el respecte mutu mitjan\u00e7ant una pol\u00edtica clara i ferma: <strong>som un espai 100\u00a0% lliure de fum.<\/strong><\/p>\r\n<p>Aquesta decisi\u00f3 no nom\u00e9s \u00e9s normativa, sin\u00f3 que es tracta d\u2019un principi que forma part de la nostra identitat com a hotel boutique modern i conscient, orientat a oferir experi\u00e8ncies de qualitat en un entorn cuidat, net i saludable.<\/p>\r\n<p><strong>Per un ambient m\u00e9s sa i respectu\u00f3s<\/strong><\/p>\r\n<p>El fum del tabac no nom\u00e9s perjudica la salut de les persones fumadores, sin\u00f3 tamb\u00e9 de les persones al seu voltant. Com a establiment responsable, rebutgem la normalitzaci\u00f3 del tabaquisme en espais compartits i adoptem una postura activa per tal de garantir:<\/p>\r\n<ul>\r\n<li>Un entorn sense fum ni olors residuals<\/li>\r\n<li>Espais m\u00e9s nets i segurs<\/li>\r\n<li>Aire fresc i lliure de contaminants<\/li>\r\n<li>Una conviv\u00e8ncia respectuosa entre tots els nostres hostes<\/li>\r\n<\/ul>\r\n<p><strong>Una experi\u00e8ncia lliure de mol\u00e8sties<\/strong><\/p>\r\n<p>La nostra pol\u00edtica t\u00e9 com a objectiu assegurar que totes les persones que visiten l\u2019Hotel Arconte, siguin o no fumadores, puguin gaudir d\u2019una estada agradable i sense incomoditats.<br \/>Per aix\u00f2, <strong>queda estrictament prohibit fumar en tot el recinte<\/strong>, incloent-hi les habitacions, els balcons, les terrasses, les zones comunes i els exteriors.<\/p>\r\n<p>Volem que quan arribin els nostres clients es trobin un espai impecable, on no hi puguin sentir olors ni trobar-se cap tipus de rastre de l\u2019hoste anterior.<br \/>Per a nosaltres, la neteja no \u00e9s nom\u00e9s una q\u00fcesti\u00f3 est\u00e8tica, sin\u00f3 tamb\u00e9 de respecte.<\/p>\r\n<p><strong>Mesures en cas d\u2019incompliment<\/strong><\/p>\r\n<p>Amb la finalitat de garantir el compliment d\u2019aquesta pol\u00edtica, l\u2019hotel es reserva el dret d\u2019aplicar un <strong>rec\u00e0rrec de 800\u00a0euros<\/strong> en concepte de neteja i desodoraci\u00f3 si es detecten restes de fum o indicis de consum de tabac en les instal\u00b7lacions.<\/p>\r\n<p><strong>El nostre comprom\u00eds, el vostre benestar<\/strong><\/p>\r\n<p>Aquesta declaraci\u00f3 reflecteix el nostre ferm comprom\u00eds amb una hospitalitat m\u00e9s responsable, sostenible i conscient.<br \/>Sabem que les petites decisions poden marcar grans difer\u00e8ncies: un aire m\u00e9s pur, un descans m\u00e9s reparador, una experi\u00e8ncia m\u00e9s plena.<\/p>\r\n<p>Gr\u00e0cies per respectar i compartir aquest comprom\u00eds.<br \/><strong>Hotel 100\u00a0% lliure de fums<\/strong><\/p>\r\n","protected":false},"excerpt":{"rendered":"<p>Declaraci\u00f3 de comprom\u00eds: hotel 100\u00a0% lliure de fum Reafirmem el nostre comprom\u00eds amb el benestar, la salut i el respecte mutu mitjan\u00e7ant una pol\u00edtica clara i ferma: som un espai 100\u00a0% lliure de fum. Aquesta decisi\u00f3 no nom\u00e9s \u00e9s normativa, sin\u00f3 que es tracta d\u2019un principi que forma part de la nostra identitat com a [&hellip;]<\/p>\n","protected":false},"author":9,"featured_media":0,"parent":0,"menu_order":0,"comment_status":"closed","ping_status":"closed","template":"","meta":{"_acf_changed":false,"inline_featured_image":false,"footnotes":""},"class_list":["post-3456","page","type-page","status-publish","hentry"],"acf":[],"yoast_head":"<!-- This site is optimized with the Yoast SEO plugin v26.7 - https:\/\/yoast.com\/wordpress\/plugins\/seo\/ -->\n<title>Hotel lliure de fums - Hotel Cram Barcelona<\/title>\n<meta name=\"robots\" content=\"index, follow, max-snippet:-1, max-image-preview:large, max-video-preview:-1\" \/>\n<link rel=\"canonical\" href=\"https:\/\/hotelcram.com\/ca\/hotel-lliure-fums\/\" \/>\n<meta property=\"og:locale\" content=\"ca_ES\" \/>\n<meta property=\"og:type\" content=\"article\" \/>\n<meta property=\"og:title\" content=\"Hotel lliure de fums - Hotel Cram Barcelona\" \/>\n<meta property=\"og:description\" content=\"Declaraci\u00f3 de comprom\u00eds: hotel 100\u00a0% lliure de fum Reafirmem el nostre comprom\u00eds amb el benestar, la salut i el respecte mutu mitjan\u00e7ant una pol\u00edtica clara i ferma: som un espai 100\u00a0% lliure de fum. Aquesta decisi\u00f3 no nom\u00e9s \u00e9s normativa, sin\u00f3 que es tracta d\u2019un principi que forma part de la nostra identitat com a [&hellip;]\" \/>\n<meta property=\"og:url\" content=\"https:\/\/hotelcram.com\/ca\/hotel-lliure-fums\/\" \/>\n<meta property=\"og:site_name\" content=\"Hotel Cram Barcelona\" \/>\n<meta property=\"article:modified_time\" content=\"2025-07-08T09:37:38+00:00\" \/>\n<meta name=\"twitter:card\" content=\"summary_large_image\" \/>\n<meta name=\"twitter:label1\" content=\"Temps estimat de lectura\" \/>\n\t<meta name=\"twitter:data1\" content=\"2 minuts\" \/>\n<script type=\"application\/ld+json\" class=\"yoast-schema-graph\">{\"@context\":\"https:\/\/schema.org\",\"@graph\":[{\"@type\":\"WebPage\",\"@id\":\"https:\/\/hotelcram.com\/ca\/hotel-lliure-fums\/\",\"url\":\"https:\/\/hotelcram.com\/ca\/hotel-lliure-fums\/\",\"name\":\"Hotel lliure de fums - Hotel Cram Barcelona\",\"isPartOf\":{\"@id\":\"https:\/\/hotelcram.com\/ca\/#website\"},\"datePublished\":\"2025-06-16T08:27:04+00:00\",\"dateModified\":\"2025-07-08T09:37:38+00:00\",\"breadcrumb\":{\"@id\":\"https:\/\/hotelcram.com\/ca\/hotel-lliure-fums\/#breadcrumb\"},\"inLanguage\":\"ca\",\"potentialAction\":[{\"@type\":\"ReadAction\",\"target\":[\"https:\/\/hotelcram.com\/ca\/hotel-lliure-fums\/\"]}]},{\"@type\":\"BreadcrumbList\",\"@id\":\"https:\/\/hotelcram.com\/ca\/hotel-lliure-fums\/#breadcrumb\",\"itemListElement\":[{\"@type\":\"ListItem\",\"position\":1,\"name\":\"Home\",\"item\":\"https:\/\/hotelcram.com\/ca\/\"},{\"@type\":\"ListItem\",\"position\":2,\"name\":\"Hotel lliure de fums\"}]},{\"@type\":\"WebSite\",\"@id\":\"https:\/\/hotelcram.com\/ca\/#website\",\"url\":\"https:\/\/hotelcram.com\/ca\/\",\"name\":\"Hotel Cram Barcelona\",\"description\":\"\",\"publisher\":{\"@id\":\"https:\/\/hotelcram.com\/ca\/#organization\"},\"potentialAction\":[{\"@type\":\"SearchAction\",\"target\":{\"@type\":\"EntryPoint\",\"urlTemplate\":\"https:\/\/hotelcram.com\/ca\/?s={search_term_string}\"},\"query-input\":{\"@type\":\"PropertyValueSpecification\",\"valueRequired\":true,\"valueName\":\"search_term_string\"}}],\"inLanguage\":\"ca\"},{\"@type\":\"Organization\",\"@id\":\"https:\/\/hotelcram.com\/ca\/#organization\",\"name\":\"Hotel Cram Barcelona\",\"url\":\"https:\/\/hotelcram.com\/ca\/\",\"logo\":{\"@type\":\"ImageObject\",\"inLanguage\":\"ca\",\"@id\":\"https:\/\/hotelcram.com\/ca\/#\/schema\/logo\/image\/\",\"url\":\"https:\/\/hotelcram.com\/wp-content\/uploads\/sites\/3\/2024\/11\/cropped-fav-cram.png\",\"contentUrl\":\"https:\/\/hotelcram.com\/wp-content\/uploads\/sites\/3\/2024\/11\/cropped-fav-cram.png\",\"width\":512,\"height\":512,\"caption\":\"Hotel Cram Barcelona\"},\"image\":{\"@id\":\"https:\/\/hotelcram.com\/ca\/#\/schema\/logo\/image\/\"}}]}<\/script>\n<!-- \/ Yoast SEO plugin. -->","yoast_head_json":{"title":"Hotel lliure de fums - Hotel Cram Barcelona","robots":{"index":"index","follow":"follow","max-snippet":"max-snippet:-1","max-image-preview":"max-image-preview:large","max-video-preview":"max-video-preview:-1"},"canonical":"https:\/\/hotelcram.com\/ca\/hotel-lliure-fums\/","og_locale":"ca_ES","og_type":"article","og_title":"Hotel lliure de fums - Hotel Cram Barcelona","og_description":"Declaraci\u00f3 de comprom\u00eds: hotel 100\u00a0% lliure de fum Reafirmem el nostre comprom\u00eds amb el benestar, la salut i el respecte mutu mitjan\u00e7ant una pol\u00edtica clara i ferma: som un espai 100\u00a0% lliure de fum. Aquesta decisi\u00f3 no nom\u00e9s \u00e9s normativa, sin\u00f3 que es tracta d\u2019un principi que forma part de la nostra identitat com a [&hellip;]","og_url":"https:\/\/hotelcram.com\/ca\/hotel-lliure-fums\/","og_site_name":"Hotel Cram Barcelona","article_modified_time":"2025-07-08T09:37:38+00:00","twitter_card":"summary_large_image","twitter_misc":{"Temps estimat de lectura":"2 minuts"},"schema":{"@context":"https:\/\/schema.org","@graph":[{"@type":"WebPage","@id":"https:\/\/hotelcram.com\/ca\/hotel-lliure-fums\/","url":"https:\/\/hotelcram.com\/ca\/hotel-lliure-fums\/","name":"Hotel lliure de fums - Hotel Cram Barcelona","isPartOf":{"@id":"https:\/\/hotelcram.com\/ca\/#website"},"datePublished":"2025-06-16T08:27:04+00:00","dateModified":"2025-07-08T09:37:38+00:00","breadcrumb":{"@id":"https:\/\/hotelcram.com\/ca\/hotel-lliure-fums\/#breadcrumb"},"inLanguage":"ca","potentialAction":[{"@type":"ReadAction","target":["https:\/\/hotelcram.com\/ca\/hotel-lliure-fums\/"]}]},{"@type":"BreadcrumbList","@id":"https:\/\/hotelcram.com\/ca\/hotel-lliure-fums\/#breadcrumb","itemListElement":[{"@type":"ListItem","position":1,"name":"Home","item":"https:\/\/hotelcram.com\/ca\/"},{"@type":"ListItem","position":2,"name":"Hotel lliure de fums"}]},{"@type":"WebSite","@id":"https:\/\/hotelcram.com\/ca\/#website","url":"https:\/\/hotelcram.com\/ca\/","name":"Hotel Cram Barcelona","description":"","publisher":{"@id":"https:\/\/hotelcram.com\/ca\/#organization"},"potentialAction":[{"@type":"SearchAction","target":{"@type":"EntryPoint","urlTemplate":"https:\/\/hotelcram.com\/ca\/?s={search_term_string}"},"query-input":{"@type":"PropertyValueSpecification","valueRequired":true,"valueName":"search_term_string"}}],"inLanguage":"ca"},{"@type":"Organization","@id":"https:\/\/hotelcram.com\/ca\/#organization","name":"Hotel Cram Barcelona","url":"https:\/\/hotelcram.com\/ca\/","logo":{"@type":"ImageObject","inLanguage":"ca","@id":"https:\/\/hotelcram.com\/ca\/#\/schema\/logo\/image\/","url":"https:\/\/hotelcram.com\/wp-content\/uploads\/sites\/3\/2024\/11\/cropped-fav-cram.png","contentUrl":"https:\/\/hotelcram.com\/wp-content\/uploads\/sites\/3\/2024\/11\/cropped-fav-cram.png","width":512,"height":512,"caption":"Hotel Cram Barcelona"},"image":{"@id":"https:\/\/hotelcram.com\/ca\/#\/schema\/logo\/image\/"}}]}},"_links":{"self":[{"href":"https:\/\/hotelcram.com\/ca\/wp-json\/wp\/v2\/pages\/3456","targetHints":{"allow":["GET"]}}],"collection":[{"href":"https:\/\/hotelcram.com\/ca\/wp-json\/wp\/v2\/pages"}],"about":[{"href":"https:\/\/hotelcram.com\/ca\/wp-json\/wp\/v2\/types\/page"}],"author":[{"embeddable":true,"href":"https:\/\/hotelcram.com\/ca\/wp-json\/wp\/v2\/users\/9"}],"replies":[{"embeddable":true,"href":"https:\/\/hotelcram.com\/ca\/wp-json\/wp\/v2\/comments?post=3456"}],"version-history":[{"count":4,"href":"https:\/\/hotelcram.com\/ca\/wp-json\/wp\/v2\/pages\/3456\/revisions"}],"predecessor-version":[{"id":3608,"href":"https:\/\/hotelcram.com\/ca\/wp-json\/wp\/v2\/pages\/3456\/revisions\/3608"}],"wp:attachment":[{"href":"https:\/\/hotelcram.com\/ca\/wp-json\/wp\/v2\/media?parent=3456"}],"curies":[{"name":"wp","href":"https:\/\/api.w.org\/{rel}","templated":true}]}}