{"id":3022,"date":"2024-04-23T12:04:39","date_gmt":"2024-04-23T12:04:39","guid":{"rendered":"https:\/\/abacbarcelona.com\/cram\/politica-de-privacidad\/"},"modified":"2024-12-23T10:45:03","modified_gmt":"2024-12-23T10:45:03","slug":"politica-de-privacidad","status":"publish","type":"page","link":"https:\/\/hotelcram.com\/ca\/politica-de-privacidad\/","title":{"rendered":"Pol\u00edtica de Privacitat"},"content":{"rendered":"\n<p>En compliment del que estableix la Llei Org\u00e0nica 03\/2018, de 05 de desembre, de Protecci\u00f3 de Dades de Car\u00e0cter Personal i Garantia de Drets Digitals (LOPD &#8211; GDD) consento que les dades facilitades en el present formulari siguin incorporades a un fitxer del qual n\u2019\u00e9s titular ARA 212 S.L., amb la finalitat de:.<\/p>\n\n\n\n<p>La tramitaci\u00f3 i gesti\u00f3 de la sol\u00b7licitud d\u2019informaci\u00f3, contracte o precontracte realitzat per l\u2019usuari mitjan\u00e7ant aquest web, tel\u00e8fon, correu postal o correu electr\u00f2nic. La gesti\u00f3 i control peri\u00f2dic dels serveis oferts pels mitjans abans mencionats.&nbsp; L\u2019enviament d\u2019informaci\u00f3 comercial sobre els serveis i productes de ARA 212 S.L., empreses del grup i filials que es puguin oferir a l\u2019usuari d\u2019aquest web.&nbsp;<\/p>\n\n\n\n<p>L\u2019emplenament de totes les dades personals facilitades \u00e9s totalment volunt\u00e0ria, per\u00f2 necess\u00e0ria per a la gesti\u00f3 de la seva sol\u00b7licitud i l\u2019usuari es fa responsable de la seva veracitat i exactitud.&nbsp;&nbsp;<\/p>\n\n\n\n<p>Consento que les meves dades puguin ser cedides, exclusivament per a les finalitats indicades anteriorment, a d\u2019altres entitats pertanyents al grup d\u2019empreses de&nbsp; ARA 212 S.L., filials i participades, aix\u00ed com a d\u2019altres persones f\u00edsiques o jur\u00eddiques que, aix\u00ed mateix, desenvolupin qualsevol de les activitats esmentades i amb les quals les distintes entitats de les empreses abans mencionades concloguin acords de col\u00b7laboraci\u00f3. Tot aix\u00f2 tant si es formalitza o no alguna operaci\u00f3.<\/p>\n\n\n\n<p>Tanmateix, declaro haver estat informat de la possibilitat d\u2019exercir els drets d\u2019acc\u00e9s, rectificaci\u00f3, supressi\u00f3, limitaci\u00f3 del tractament, portabilitat de les dades, oposici\u00f3, a no ser objecte de decisions individuals i automatitzades de les meves dades mitjan\u00e7ant comunicaci\u00f3 escrita dirigida a: ARA 212 S.L., C \/ Arag\u00f3n 212 entlo. 2nd, 08011 Barcelona RF. LOPD, o mitjan\u00e7ant correu electr\u00f2nic a: lopd@abacgroup.barcelona, identificant-me degudament.<\/p>\n","protected":false},"excerpt":{"rendered":"<p>En compliment del que estableix la Llei Org\u00e0nica 03\/2018, de 05 de desembre, de Protecci\u00f3 de Dades de Car\u00e0cter Personal i Garantia de Drets Digitals (LOPD &#8211; GDD) consento que les dades facilitades en el present formulari siguin incorporades a un fitxer del qual n\u2019\u00e9s titular ARA 212 S.L., amb la finalitat de:. La tramitaci\u00f3 [&hellip;]<\/p>\n","protected":false},"author":1,"featured_media":0,"parent":0,"menu_order":0,"comment_status":"closed","ping_status":"closed","template":"","meta":{"_acf_changed":false,"inline_featured_image":false,"footnotes":""},"class_list":["post-3022","page","type-page","status-publish","hentry"],"acf":[],"yoast_head":"<!-- This site is optimized with the Yoast SEO plugin v26.7 - https:\/\/yoast.com\/wordpress\/plugins\/seo\/ -->\n<title>Pol\u00edtica de Privacitat - Hotel Cram Barcelona<\/title>\n<meta name=\"robots\" content=\"index, follow, max-snippet:-1, max-image-preview:large, max-video-preview:-1\" \/>\n<link rel=\"canonical\" href=\"https:\/\/hotelcram.com\/ca\/politica-de-privacidad\/\" \/>\n<meta property=\"og:locale\" content=\"ca_ES\" \/>\n<meta property=\"og:type\" content=\"article\" \/>\n<meta property=\"og:title\" content=\"Pol\u00edtica de Privacitat - Hotel Cram Barcelona\" \/>\n<meta property=\"og:description\" content=\"En compliment del que estableix la Llei Org\u00e0nica 03\/2018, de 05 de desembre, de Protecci\u00f3 de Dades de Car\u00e0cter Personal i Garantia de Drets Digitals (LOPD &#8211; GDD) consento que les dades facilitades en el present formulari siguin incorporades a un fitxer del qual n\u2019\u00e9s titular ARA 212 S.L., amb la finalitat de:. La tramitaci\u00f3 [&hellip;]\" \/>\n<meta property=\"og:url\" content=\"https:\/\/hotelcram.com\/ca\/politica-de-privacidad\/\" \/>\n<meta property=\"og:site_name\" content=\"Hotel Cram Barcelona\" \/>\n<meta property=\"article:modified_time\" content=\"2024-12-23T10:45:03+00:00\" \/>\n<meta name=\"twitter:card\" content=\"summary_large_image\" \/>\n<meta name=\"twitter:label1\" content=\"Temps estimat de lectura\" \/>\n\t<meta name=\"twitter:data1\" content=\"2 minuts\" \/>\n<script type=\"application\/ld+json\" class=\"yoast-schema-graph\">{\"@context\":\"https:\/\/schema.org\",\"@graph\":[{\"@type\":\"WebPage\",\"@id\":\"https:\/\/hotelcram.com\/ca\/politica-de-privacidad\/\",\"url\":\"https:\/\/hotelcram.com\/ca\/politica-de-privacidad\/\",\"name\":\"Pol\u00edtica de Privacitat - Hotel Cram Barcelona\",\"isPartOf\":{\"@id\":\"https:\/\/hotelcram.com\/ca\/#website\"},\"datePublished\":\"2024-04-23T12:04:39+00:00\",\"dateModified\":\"2024-12-23T10:45:03+00:00\",\"breadcrumb\":{\"@id\":\"https:\/\/hotelcram.com\/ca\/politica-de-privacidad\/#breadcrumb\"},\"inLanguage\":\"ca\",\"potentialAction\":[{\"@type\":\"ReadAction\",\"target\":[\"https:\/\/hotelcram.com\/ca\/politica-de-privacidad\/\"]}]},{\"@type\":\"BreadcrumbList\",\"@id\":\"https:\/\/hotelcram.com\/ca\/politica-de-privacidad\/#breadcrumb\",\"itemListElement\":[{\"@type\":\"ListItem\",\"position\":1,\"name\":\"Home\",\"item\":\"https:\/\/hotelcram.com\/ca\/\"},{\"@type\":\"ListItem\",\"position\":2,\"name\":\"Pol\u00edtica de Privacitat\"}]},{\"@type\":\"WebSite\",\"@id\":\"https:\/\/hotelcram.com\/ca\/#website\",\"url\":\"https:\/\/hotelcram.com\/ca\/\",\"name\":\"Hotel Cram Barcelona\",\"description\":\"\",\"publisher\":{\"@id\":\"https:\/\/hotelcram.com\/ca\/#organization\"},\"potentialAction\":[{\"@type\":\"SearchAction\",\"target\":{\"@type\":\"EntryPoint\",\"urlTemplate\":\"https:\/\/hotelcram.com\/ca\/?s={search_term_string}\"},\"query-input\":{\"@type\":\"PropertyValueSpecification\",\"valueRequired\":true,\"valueName\":\"search_term_string\"}}],\"inLanguage\":\"ca\"},{\"@type\":\"Organization\",\"@id\":\"https:\/\/hotelcram.com\/ca\/#organization\",\"name\":\"Hotel Cram Barcelona\",\"url\":\"https:\/\/hotelcram.com\/ca\/\",\"logo\":{\"@type\":\"ImageObject\",\"inLanguage\":\"ca\",\"@id\":\"https:\/\/hotelcram.com\/ca\/#\/schema\/logo\/image\/\",\"url\":\"https:\/\/hotelcram.com\/wp-content\/uploads\/sites\/3\/2024\/11\/cropped-fav-cram.png\",\"contentUrl\":\"https:\/\/hotelcram.com\/wp-content\/uploads\/sites\/3\/2024\/11\/cropped-fav-cram.png\",\"width\":512,\"height\":512,\"caption\":\"Hotel Cram Barcelona\"},\"image\":{\"@id\":\"https:\/\/hotelcram.com\/ca\/#\/schema\/logo\/image\/\"}}]}<\/script>\n<!-- \/ Yoast SEO plugin. -->","yoast_head_json":{"title":"Pol\u00edtica de Privacitat - Hotel Cram Barcelona","robots":{"index":"index","follow":"follow","max-snippet":"max-snippet:-1","max-image-preview":"max-image-preview:large","max-video-preview":"max-video-preview:-1"},"canonical":"https:\/\/hotelcram.com\/ca\/politica-de-privacidad\/","og_locale":"ca_ES","og_type":"article","og_title":"Pol\u00edtica de Privacitat - Hotel Cram Barcelona","og_description":"En compliment del que estableix la Llei Org\u00e0nica 03\/2018, de 05 de desembre, de Protecci\u00f3 de Dades de Car\u00e0cter Personal i Garantia de Drets Digitals (LOPD &#8211; GDD) consento que les dades facilitades en el present formulari siguin incorporades a un fitxer del qual n\u2019\u00e9s titular ARA 212 S.L., amb la finalitat de:. La tramitaci\u00f3 [&hellip;]","og_url":"https:\/\/hotelcram.com\/ca\/politica-de-privacidad\/","og_site_name":"Hotel Cram Barcelona","article_modified_time":"2024-12-23T10:45:03+00:00","twitter_card":"summary_large_image","twitter_misc":{"Temps estimat de lectura":"2 minuts"},"schema":{"@context":"https:\/\/schema.org","@graph":[{"@type":"WebPage","@id":"https:\/\/hotelcram.com\/ca\/politica-de-privacidad\/","url":"https:\/\/hotelcram.com\/ca\/politica-de-privacidad\/","name":"Pol\u00edtica de Privacitat - Hotel Cram Barcelona","isPartOf":{"@id":"https:\/\/hotelcram.com\/ca\/#website"},"datePublished":"2024-04-23T12:04:39+00:00","dateModified":"2024-12-23T10:45:03+00:00","breadcrumb":{"@id":"https:\/\/hotelcram.com\/ca\/politica-de-privacidad\/#breadcrumb"},"inLanguage":"ca","potentialAction":[{"@type":"ReadAction","target":["https:\/\/hotelcram.com\/ca\/politica-de-privacidad\/"]}]},{"@type":"BreadcrumbList","@id":"https:\/\/hotelcram.com\/ca\/politica-de-privacidad\/#breadcrumb","itemListElement":[{"@type":"ListItem","position":1,"name":"Home","item":"https:\/\/hotelcram.com\/ca\/"},{"@type":"ListItem","position":2,"name":"Pol\u00edtica de Privacitat"}]},{"@type":"WebSite","@id":"https:\/\/hotelcram.com\/ca\/#website","url":"https:\/\/hotelcram.com\/ca\/","name":"Hotel Cram Barcelona","description":"","publisher":{"@id":"https:\/\/hotelcram.com\/ca\/#organization"},"potentialAction":[{"@type":"SearchAction","target":{"@type":"EntryPoint","urlTemplate":"https:\/\/hotelcram.com\/ca\/?s={search_term_string}"},"query-input":{"@type":"PropertyValueSpecification","valueRequired":true,"valueName":"search_term_string"}}],"inLanguage":"ca"},{"@type":"Organization","@id":"https:\/\/hotelcram.com\/ca\/#organization","name":"Hotel Cram Barcelona","url":"https:\/\/hotelcram.com\/ca\/","logo":{"@type":"ImageObject","inLanguage":"ca","@id":"https:\/\/hotelcram.com\/ca\/#\/schema\/logo\/image\/","url":"https:\/\/hotelcram.com\/wp-content\/uploads\/sites\/3\/2024\/11\/cropped-fav-cram.png","contentUrl":"https:\/\/hotelcram.com\/wp-content\/uploads\/sites\/3\/2024\/11\/cropped-fav-cram.png","width":512,"height":512,"caption":"Hotel Cram Barcelona"},"image":{"@id":"https:\/\/hotelcram.com\/ca\/#\/schema\/logo\/image\/"}}]}},"_links":{"self":[{"href":"https:\/\/hotelcram.com\/ca\/wp-json\/wp\/v2\/pages\/3022","targetHints":{"allow":["GET"]}}],"collection":[{"href":"https:\/\/hotelcram.com\/ca\/wp-json\/wp\/v2\/pages"}],"about":[{"href":"https:\/\/hotelcram.com\/ca\/wp-json\/wp\/v2\/types\/page"}],"author":[{"embeddable":true,"href":"https:\/\/hotelcram.com\/ca\/wp-json\/wp\/v2\/users\/1"}],"replies":[{"embeddable":true,"href":"https:\/\/hotelcram.com\/ca\/wp-json\/wp\/v2\/comments?post=3022"}],"version-history":[{"count":1,"href":"https:\/\/hotelcram.com\/ca\/wp-json\/wp\/v2\/pages\/3022\/revisions"}],"predecessor-version":[{"id":3024,"href":"https:\/\/hotelcram.com\/ca\/wp-json\/wp\/v2\/pages\/3022\/revisions\/3024"}],"wp:attachment":[{"href":"https:\/\/hotelcram.com\/ca\/wp-json\/wp\/v2\/media?parent=3022"}],"curies":[{"name":"wp","href":"https:\/\/api.w.org\/{rel}","templated":true}]}}