{"id":2980,"date":"2024-06-26T08:54:41","date_gmt":"2024-06-26T08:54:41","guid":{"rendered":"https:\/\/abacbarcelona.com\/cram\/aviso-legal\/"},"modified":"2024-12-23T10:23:20","modified_gmt":"2024-12-23T10:23:20","slug":"aviso-legal","status":"publish","type":"page","link":"https:\/\/hotelcram.com\/ca\/aviso-legal\/","title":{"rendered":"Av\u00eds Legal"},"content":{"rendered":"\n<p>0. OBJECTE I ACCEPTACI\u00d3<\/p>\n\n\n\n<p>El present av\u00eds legal regula l&#8217;\u00fas dels llocs web: www.hotelcram.com (en endavant, LA WEB), del que es titular ARA 212 S.L (en endavant, EL PROPIETARI DE LA WEB).<\/p>\n\n\n\n<p>La navegaci\u00f3 pels llocs web del PROPIETARI DE LES WEB atribueix la condici\u00f3 d&#8217;usuari del mateix i implica l&#8217;acceptaci\u00f3 plena i sense reserves de totes i cadascuna de les disposicions incloses en aquest Av\u00eds Legal, que poden patir modificacions.<\/p>\n\n\n\n<p>L&#8217;usuari s&#8217;obliga a fer un \u00fas correcte del lloc web de conformitat amb les lleis, la bona fe, l&#8217;ordre p\u00fablic, els usos del tr\u00e0fic i el present Av\u00eds Legal. L&#8217;usuari respondr\u00e0 davant EL PROPIETARI DE LA WEB o davant de tercers, de qualsevol danys i perjudicis que poguessin causar com a conseq\u00fc\u00e8ncia de l&#8217;incompliment d&#8217;aquesta obligaci\u00f3.<\/p>\n\n\n\n<p>1. IDENTIFICACI\u00d3 I COMUNICACIONS<\/p>\n\n\n\n<p>EL PROPIETARI DE LA WEB, en compliment de la Llei 34\/2002, de 11 de juliol, de serveis de la societat de la informaci\u00f3 i de comer\u00e7 electr\u00f2nic, l&#8217;informa que:<\/p>\n\n\n\n<p>La seva denominaci\u00f3 social \u00e9s: ARA 212 S.L&nbsp;<\/p>\n\n\n\n<p>El seu CIF \u00e9s: B63858922<\/p>\n\n\n\n<p>Dades Registrals: Registre Mercantil de Barcelona Tom 37653 foli 8 full n\u00ba B-307415.<\/p>\n\n\n\n<p>El seu domicili social est\u00e0 en: C \/ Arag\u00f3n 212 entlo. 2nd, 08011 Barcelona<\/p>\n\n\n\n<p>Totes les notificacions i comunicacions entre els usuaris i EL PROPIETARI DE LA WEB es consideraran efica\u00e7os, a tots els efectes, quan es realitzin a trav\u00e9s de correu postal o electr\u00f2nic lopd@abacgroup.barcelona<\/p>\n\n\n\n<p>2. CONDICIONS D&#8217;ACC\u00c9S I UTILITZACI\u00d3<\/p>\n\n\n\n<p>El lloc web i els seus serveis s\u00f3n d&#8217;acc\u00e9s lliure i gratu\u00eft, no obstant aix\u00f2, EL PROPIETARI DE LA WEB condiciona la utilitzaci\u00f3 d&#8217;alguns dels serveis oferts a la seva web al previ ompliment del corresponent formulari.<\/p>\n\n\n\n<p>L&#8217;usuari garanteix l&#8217;autenticitat i actualitat de totes aquelles dades que comuniqui al PROPIETARI DE LA WEB i ser\u00e0 l&#8217;\u00fanic responsable de les manifestacions falses o inexactes que realitzi.<\/p>\n\n\n\n<p>L&#8217;usuari es compromet expressament a fer un \u00fas adequat dels continguts i serveis del PROPIETARI DE LA WEB ia no emprar-los per, entre d&#8217;altres:<\/p>\n\n\n\n<p>a) Difondre continguts, delictius, violents, pornogr\u00e0fics, racistes, xen\u00f2fob, ofensius, d&#8217;apologia del terrorisme o, en general, contraris a la llei oa l&#8217;ordre p\u00fablic.<\/p>\n\n\n\n<p>b) Introduir a la xarxa virus inform\u00e0tics o realitzar actuacions susceptibles d&#8217;alterar, espatllar, interrompre o generar errors o danys en els documents electr\u00f2nics, dades o sistemes f\u00edsics i l\u00f2gics del PROPIETARI DE LA WEB o de terceres persones; aix\u00ed com obstaculitzar l&#8217;acc\u00e9s d&#8217;altres usuaris al lloc web i als seus serveis mitjan\u00e7ant el consum massiu dels recursos inform\u00e0tics a trav\u00e9s dels quals EL PROPIETARI DE LA WEB presta els seus serveis.<\/p>\n\n\n\n<p>c) Intentar accedir als comptes de correu electr\u00f2nic d&#8217;altres usuaris oa \u00e0rees restringides dels sistemes inform\u00e0tics del PROPIETARI DE LA WEB o de tercers i, si s&#8217;escau, extreure informaci\u00f3.<\/p>\n\n\n\n<p>d) Vulnerar els drets de propietat intel\u00b7lectual o industrial, aix\u00ed com violar la confidencialitat de la informaci\u00f3 del PROPIETARI DE LA WEB o de tercers.<\/p>\n\n\n\n<p>e) Suplantar la identitat d&#8217;un altre usuari, de les administracions p\u00fabliques o d&#8217;un tercer.<\/p>\n\n\n\n<p>f) Reproduir, copiar, distribuir, posar a disposici\u00f3 o de qualsevol altra forma comunicar p\u00fablicament, transformar o modificar els continguts, llevat que es compti amb l&#8217;autoritzaci\u00f3 del titular dels corresponents drets o aix\u00f2 resulti legalment perm\u00e8s.<\/p>\n\n\n\n<p>g) Demanar dades amb finalitat publicit\u00e0ria i de remetre publicitat de qualsevol classe i comunicacions amb fins de venda o altres de naturalesa comercial sense que n&#8217;hi hagi la pr\u00e8via sol\u00b7licitud o consentiment.<\/p>\n\n\n\n<p>Tots els continguts del lloc web, com ara textos, fotografies, gr\u00e0fics, imatges, icones, tecnologia, programari, aix\u00ed com el seu disseny gr\u00e0fic i codis font, constitueixen una obra la propietat pertany al PROPIETARI DE LA WEB, sense que puguin entendre cedits a l&#8217; usuari cap dels drets d&#8217;explotaci\u00f3 sobre els mateixos m\u00e9s enll\u00e0 de l&#8217;estrictament necessari per al correcte \u00fas del web.<\/p>\n\n\n\n<p>En definitiva, els usuaris que accedeixin a aquest lloc web poden visualitzar els continguts i efectuar, si escau, c\u00f2pies privades autoritzades sempre que els elements reprodu\u00efts no siguin cedits posteriorment a tercers, ni s&#8217;instal\u00b7lin a servidors connectats a xarxes, ni siguin objecte de cap tipus d&#8217;explotaci\u00f3.<\/p>\n\n\n\n<p>Aix\u00ed mateix, totes les marques, noms comercials o signes distintius de qualsevol classe que apareixen al lloc web s\u00f3n propietat del PROPIETARI DE LA WEB, sense que pugui entendre que l&#8217;\u00fas o acc\u00e9s al mateix atribueixi a l&#8217;usuari cap dret sobre els mateixos.<\/p>\n\n\n\n<p>La distribuci\u00f3, modificaci\u00f3, cessi\u00f3 o comunicaci\u00f3 p\u00fablica dels continguts i qualsevol altre acte que no hagi estat expressament autoritzat pel titular dels drets d&#8217;explotaci\u00f3 queden prohibits.<\/p>\n\n\n\n<p>L&#8217;establiment d&#8217;un hiperenlla\u00e7 no implica en cap cas l&#8217;exist\u00e8ncia de relacions entre EL PROPIETARI DE LA WEB i el propietari del lloc web en la qual s&#8217;estableixi, ni l&#8217;acceptaci\u00f3 i aprovaci\u00f3 per part del PROPIETARI DE LA WEB dels seus continguts o serveis . Aquelles persones que es proposin establir un hiperenlla\u00e7 pr\u00e8viament hauran de sol\u00b7licitar autoritzaci\u00f3 per escrit al PROPIETARI DE LA WEB. En tot cas, l&#8217;hiperenlla\u00e7 \u00fanicament permetr\u00e0 l&#8217;acc\u00e9s a la home-page o p\u00e0gina d&#8217;inici del nostre lloc web, aix\u00ed mateix haur\u00e0 d&#8217;abstenir-se de realitzar manifestacions o indicacions falses, inexactes o incorrectes sobre EL PROPIETARI DE LA WEB, o incloure continguts il\u00b7l\u00edcits, contraris als bons costums i l&#8217;ordre p\u00fablic.<\/p>\n\n\n\n<p>EL PROPIETARI DE LA WEB no es responsabilitza de l&#8217;\u00fas que cada usuari li doni als materials posats a disposici\u00f3 en aquest lloc web ni de les actuacions que realitzi en base als mateixos.<\/p>\n\n\n\n<p>3. EXCLUSI\u00d3 DE GARANTIES I DE RESPONSABILITAT<\/p>\n\n\n\n<p>El contingut del present lloc web \u00e9s de car\u00e0cter general i t\u00e9 una finalitat merament informativa, sense que es garanteixi plenament l&#8217;acc\u00e9s a tots els continguts, ni la seva exhaustivitat, correcci\u00f3, vig\u00e8ncia o actualitat, ni la seva idone\u00eftat o utilitat per a un objectiu espec\u00edfic.<\/p>\n\n\n\n<p>EL PROPIETARI DE LA WEB exclou, fins on permet l&#8217;ordenament jur\u00eddic, qualsevol responsabilitat pels danys i perjudicis de tota naturalesa derivats de:<\/p>\n\n\n\n<p>a) La impossibilitat d&#8217;acc\u00e9s al lloc web o la falta de veracitat, exactitud, exhaustivitat i \/ o actualitat dels continguts, aix\u00ed com l&#8217;exist\u00e8ncia de vicis i defectes de tota classe dels continguts transmesos, difosos, emmagatzemats, posats a disposici\u00f3 a els que s&#8217;hagi accedit a trav\u00e9s del lloc web o dels serveis que s&#8217;ofereixen.<\/p>\n\n\n\n<p>b) La pres\u00e8ncia de virus o d&#8217;altres elements en els continguts que puguin produir alteracions en els sistemes inform\u00e0tics, documents electr\u00f2nics o dades dels usuaris.<\/p>\n\n\n\n<p>c) L&#8217;incompliment de les lleis, la bona fe, l&#8217;ordre p\u00fablic, els usos del tr\u00e0fic i el present av\u00eds legal com a conseq\u00fc\u00e8ncia de l&#8217;\u00fas incorrecte del lloc web. En particular, la manera d&#8217;exemple, EL PROPIETARI DE LA WEB no es fa responsable de les actuacions de tercers que vulnerin drets de propietat intel\u00b7lectual i industrial, secrets empresarials, drets a l&#8217;honor, a la intimitat personal i familiar ia la pr\u00f2pia imatge, aix\u00ed com la normativa en mat\u00e8ria de compet\u00e8ncia deslleial i publicitat il\u00b7l\u00edcita.<\/p>\n\n\n\n<p>Aix\u00ed mateix, EL PROPIETARI DE LA WEB declina qualsevol responsabilitat respecte a la informaci\u00f3 que es trobi fora d&#8217;aquesta web i no sigui gestionada directament pel nostre webmaster. La funci\u00f3 dels links que apareixen en aquesta web \u00e9s exclusivament la d&#8217;informar l&#8217;usuari sobre l&#8217;exist\u00e8ncia d&#8217;altres fonts susceptibles d&#8217;ampliar els continguts que ofereix aquest lloc web. EL PROPIETARI DE LA WEB no garanteix ni es responsabilitza del funcionament o accessibilitat dels llocs enlla\u00e7ats; ni suggereix, convida o recomana la visita als mateixos, de manera que tampoc ser\u00e0 responsable del resultat obtingut. EL PROPIETARI DE LA WEB no es responsabilitza de l&#8217;establiment d&#8217;hipervincles per part de tercers.<\/p>\n\n\n\n<p>4. POL\u00cdTICA DE PRIVACITAT<\/p>\n\n\n\n<p>Quan necessitem obtenir informaci\u00f3 per part seva, sempre li demanarem que ens la proporcioni volunt\u00e0riament de forma expressa. Les dades demanades a trav\u00e9s dels formularis de recollida de dades del lloc web o altres vies seran incorporades a un fitxer de dades de car\u00e0cter personal degudament inscrit en el Registre General de Protecci\u00f3 de Dades de l&#8217;Ag\u00e8ncia Espanyola de Protecci\u00f3 de Dades i en el Registre intern d&#8217;Activitats del Tractament, del qual \u00e9s responsable el PROPIETARI DE LA WEB. Aquesta entitat tractar\u00e0 les dades de forma confidencial i exclusivament amb la finalitat d&#8217;oferir els serveis sol\u00b7licitats, amb totes les garanties legals i de seguretat que imposa la Llei Org\u00e0nica 03\/2018, de 05 de desembre, de protecci\u00f3 de dades de car\u00e0cter personal i digitals i la Llei 34\/2002, de 11 de juliol, de Serveis de la Societat de la Informaci\u00f3 i Comer\u00e7 Electr\u00f2nic i el RGPD.<\/p>\n\n\n\n<p>EL PROPIETARI DE LA WEB es compromet a: no cedir, vendre, ni compartir les dades amb tercers sense la seva aprovaci\u00f3 expressa, a no utilitzar aquestes dades per realitzar an\u00e0lisis de perfils (decisions individualitzades).<\/p>\n\n\n\n<p>Aix\u00ed mateix, ARA 212 S.L cancel\u00b7lar\u00e0 o rectificar\u00e0 les dades quan resultin inexactes, incompletes o hagin deixat de ser necess\u00e0ries o pertinents per a la seva finalitat, de conformitat amb el que preveu la Llei Org\u00e0nica 03\/2018, de 05 de desembre, de Protecci\u00f3 de Dades de Car\u00e0cter Personal.<\/p>\n\n\n\n<p>L&#8217;usuari podr\u00e0 revocar el consentiment prestat i exercir els drets d&#8217;acc\u00e9s, rectificaci\u00f3, lopd@abacgroup.barcelona identificant-se degudament i indicant de forma visible el concret dret que s&#8217;exerceix. EL PROPIETARI DE LA WEB adopta els nivells de seguretat corresponents requerits per la citada Llei Org\u00e0nica 03\/2018 i altra normativa aplicable. No obstant aix\u00f2, no assumeix cap responsabilitat pels danys i perjudicis derivats d&#8217;alteracions que tercers poden causar en els sistemes inform\u00e0tics, documents electr\u00f2nics o fitxers de l&#8217;usuari.<\/p>\n\n\n\n<p>EL PROPIETARI DE LA WEB podr\u00e0 utilitzar cookies durant la prestaci\u00f3 de serveis del lloc web. Les cookies s\u00f3n fitxers f\u00edsics d&#8217;informaci\u00f3 personal allotjats en el propi terminal de l&#8217;usuari. L&#8217;usuari t\u00e9 la possibilitat de configurar el seu programa navegador de manera que s&#8217;impedeixi la creaci\u00f3 d&#8217;arxius cookie o s&#8217;adverteixi de la mateixa.<\/p>\n\n\n\n<p>Si opta a abandonar el nostre lloc web a trav\u00e9s d&#8217;enlla\u00e7os a llocs web no pertanyents a la nostra entitat, EL PROPIETARI DE LA WEB no es far\u00e0 responsable de les pol\u00edtiques de privacitat d&#8217;aquests llocs web ni de les cookies que aquests puguin emmagatzemar en l&#8217;ordinador de l&#8217; usuari.<\/p>\n\n\n\n<p>La nostra pol\u00edtica respecte al correu electr\u00f2nic se centra a remetre \u00fanicament comunicacions que vost\u00e8 hagi sol\u00b7licitat rebre.<\/p>\n\n\n\n<p>Si prefereix no rebre aquests missatges per correu electr\u00f2nic li oferirem a trav\u00e9s dels mateixos la possibilitat d&#8217;exercir el seu dret de cancel\u00b7laci\u00f3 i ren\u00fancia a la recepci\u00f3 d&#8217;aquests missatges, de conformitat amb el que disposa el t\u00edtol III, article 22 de la Llei 34 \/ 2002 de Serveis per a la Societat de la Informaci\u00f3 i de Comer\u00e7 Electr\u00f2nic.<\/p>\n\n\n\n<p>5. PROCEDIMENT EN CAS DE REALITZACI\u00d3 D&#8217;ACTIVITATS DE CAR\u00c0CTER IL\u00b7L\u00cdCIT<\/p>\n\n\n\n<p>En el cas que qualsevol usuari o un tercer consideri que existeixen fets o circumst\u00e0ncies que revelin el car\u00e0cter il\u00b7l\u00edcit de la utilitzaci\u00f3 de qualsevol contingut i \/ o de la realitzaci\u00f3 de qualsevol activitat en les p\u00e0gines web incloses o accessibles a trav\u00e9s del lloc web, haur\u00e0 enviar una notificaci\u00f3 al PROPIETARI DE LA WEB identificant-se degudament, especificant les suposades infraccions i declarant expressament i sota la seva responsabilitat que la informaci\u00f3 proporcionada en la notificaci\u00f3 \u00e9s exacta.<\/p>\n\n\n\n<p>Per a tota q\u00fcesti\u00f3 litigiosa que incumbeixi al lloc web del PROPIETARI DE LA WEB, ser\u00e0 d&#8217;aplicaci\u00f3 la legislaci\u00f3 espanyola, sent competents els Jutjats i Tribunals de BARCELONA (Espanya).<\/p>\n\n\n\n<p>6. PUBLICACIONS<\/p>\n\n\n\n<p>La informaci\u00f3 administrativa facilitada a trav\u00e9s del lloc web no substitueix la publicitat legal de les lleis, normatives, plans, disposicions generals i actes que hagin de ser publicats formalment als diaris oficials de les administracions p\u00fabliques, que constitueixen l&#8217;\u00fanic instrument que d\u00f3na fe de la seva autenticitat i contingut. La informaci\u00f3 disponible en aquest lloc web s&#8217;ha d&#8217;entendre com una guia sense prop\u00f2sit de validesa legal.<\/p>\n","protected":false},"excerpt":{"rendered":"<p>0. OBJECTE I ACCEPTACI\u00d3 El present av\u00eds legal regula l&#8217;\u00fas dels llocs web: www.hotelcram.com (en endavant, LA WEB), del que es titular ARA 212 S.L (en endavant, EL PROPIETARI DE LA WEB). La navegaci\u00f3 pels llocs web del PROPIETARI DE LES WEB atribueix la condici\u00f3 d&#8217;usuari del mateix i implica l&#8217;acceptaci\u00f3 plena i sense reserves [&hellip;]<\/p>\n","protected":false},"author":1,"featured_media":0,"parent":0,"menu_order":0,"comment_status":"closed","ping_status":"closed","template":"","meta":{"_acf_changed":false,"inline_featured_image":false,"footnotes":""},"class_list":["post-2980","page","type-page","status-publish","hentry"],"acf":[],"yoast_head":"<!-- This site is optimized with the Yoast SEO plugin v26.7 - https:\/\/yoast.com\/wordpress\/plugins\/seo\/ -->\n<title>Av\u00eds Legal - Hotel Cram Barcelona<\/title>\n<meta name=\"robots\" content=\"index, follow, max-snippet:-1, max-image-preview:large, max-video-preview:-1\" \/>\n<link rel=\"canonical\" href=\"https:\/\/hotelcram.com\/ca\/aviso-legal\/\" \/>\n<meta property=\"og:locale\" content=\"ca_ES\" \/>\n<meta property=\"og:type\" content=\"article\" \/>\n<meta property=\"og:title\" content=\"Av\u00eds Legal - Hotel Cram Barcelona\" \/>\n<meta property=\"og:description\" content=\"0. OBJECTE I ACCEPTACI\u00d3 El present av\u00eds legal regula l&#8217;\u00fas dels llocs web: www.hotelcram.com (en endavant, LA WEB), del que es titular ARA 212 S.L (en endavant, EL PROPIETARI DE LA WEB). La navegaci\u00f3 pels llocs web del PROPIETARI DE LES WEB atribueix la condici\u00f3 d&#8217;usuari del mateix i implica l&#8217;acceptaci\u00f3 plena i sense reserves [&hellip;]\" \/>\n<meta property=\"og:url\" content=\"https:\/\/hotelcram.com\/ca\/aviso-legal\/\" \/>\n<meta property=\"og:site_name\" content=\"Hotel Cram Barcelona\" \/>\n<meta property=\"article:modified_time\" content=\"2024-12-23T10:23:20+00:00\" \/>\n<meta name=\"twitter:card\" content=\"summary_large_image\" \/>\n<meta name=\"twitter:label1\" content=\"Temps estimat de lectura\" \/>\n\t<meta name=\"twitter:data1\" content=\"9 minuts\" \/>\n<script type=\"application\/ld+json\" class=\"yoast-schema-graph\">{\"@context\":\"https:\/\/schema.org\",\"@graph\":[{\"@type\":\"WebPage\",\"@id\":\"https:\/\/hotelcram.com\/ca\/aviso-legal\/\",\"url\":\"https:\/\/hotelcram.com\/ca\/aviso-legal\/\",\"name\":\"Av\u00eds Legal - Hotel Cram Barcelona\",\"isPartOf\":{\"@id\":\"https:\/\/hotelcram.com\/ca\/#website\"},\"datePublished\":\"2024-06-26T08:54:41+00:00\",\"dateModified\":\"2024-12-23T10:23:20+00:00\",\"breadcrumb\":{\"@id\":\"https:\/\/hotelcram.com\/ca\/aviso-legal\/#breadcrumb\"},\"inLanguage\":\"ca\",\"potentialAction\":[{\"@type\":\"ReadAction\",\"target\":[\"https:\/\/hotelcram.com\/ca\/aviso-legal\/\"]}]},{\"@type\":\"BreadcrumbList\",\"@id\":\"https:\/\/hotelcram.com\/ca\/aviso-legal\/#breadcrumb\",\"itemListElement\":[{\"@type\":\"ListItem\",\"position\":1,\"name\":\"Home\",\"item\":\"https:\/\/hotelcram.com\/ca\/\"},{\"@type\":\"ListItem\",\"position\":2,\"name\":\"Av\u00eds Legal\"}]},{\"@type\":\"WebSite\",\"@id\":\"https:\/\/hotelcram.com\/ca\/#website\",\"url\":\"https:\/\/hotelcram.com\/ca\/\",\"name\":\"Hotel Cram Barcelona\",\"description\":\"\",\"publisher\":{\"@id\":\"https:\/\/hotelcram.com\/ca\/#organization\"},\"potentialAction\":[{\"@type\":\"SearchAction\",\"target\":{\"@type\":\"EntryPoint\",\"urlTemplate\":\"https:\/\/hotelcram.com\/ca\/?s={search_term_string}\"},\"query-input\":{\"@type\":\"PropertyValueSpecification\",\"valueRequired\":true,\"valueName\":\"search_term_string\"}}],\"inLanguage\":\"ca\"},{\"@type\":\"Organization\",\"@id\":\"https:\/\/hotelcram.com\/ca\/#organization\",\"name\":\"Hotel Cram Barcelona\",\"url\":\"https:\/\/hotelcram.com\/ca\/\",\"logo\":{\"@type\":\"ImageObject\",\"inLanguage\":\"ca\",\"@id\":\"https:\/\/hotelcram.com\/ca\/#\/schema\/logo\/image\/\",\"url\":\"https:\/\/hotelcram.com\/wp-content\/uploads\/sites\/3\/2024\/11\/cropped-fav-cram.png\",\"contentUrl\":\"https:\/\/hotelcram.com\/wp-content\/uploads\/sites\/3\/2024\/11\/cropped-fav-cram.png\",\"width\":512,\"height\":512,\"caption\":\"Hotel Cram Barcelona\"},\"image\":{\"@id\":\"https:\/\/hotelcram.com\/ca\/#\/schema\/logo\/image\/\"}}]}<\/script>\n<!-- \/ Yoast SEO plugin. -->","yoast_head_json":{"title":"Av\u00eds Legal - Hotel Cram Barcelona","robots":{"index":"index","follow":"follow","max-snippet":"max-snippet:-1","max-image-preview":"max-image-preview:large","max-video-preview":"max-video-preview:-1"},"canonical":"https:\/\/hotelcram.com\/ca\/aviso-legal\/","og_locale":"ca_ES","og_type":"article","og_title":"Av\u00eds Legal - Hotel Cram Barcelona","og_description":"0. OBJECTE I ACCEPTACI\u00d3 El present av\u00eds legal regula l&#8217;\u00fas dels llocs web: www.hotelcram.com (en endavant, LA WEB), del que es titular ARA 212 S.L (en endavant, EL PROPIETARI DE LA WEB). La navegaci\u00f3 pels llocs web del PROPIETARI DE LES WEB atribueix la condici\u00f3 d&#8217;usuari del mateix i implica l&#8217;acceptaci\u00f3 plena i sense reserves [&hellip;]","og_url":"https:\/\/hotelcram.com\/ca\/aviso-legal\/","og_site_name":"Hotel Cram Barcelona","article_modified_time":"2024-12-23T10:23:20+00:00","twitter_card":"summary_large_image","twitter_misc":{"Temps estimat de lectura":"9 minuts"},"schema":{"@context":"https:\/\/schema.org","@graph":[{"@type":"WebPage","@id":"https:\/\/hotelcram.com\/ca\/aviso-legal\/","url":"https:\/\/hotelcram.com\/ca\/aviso-legal\/","name":"Av\u00eds Legal - Hotel Cram Barcelona","isPartOf":{"@id":"https:\/\/hotelcram.com\/ca\/#website"},"datePublished":"2024-06-26T08:54:41+00:00","dateModified":"2024-12-23T10:23:20+00:00","breadcrumb":{"@id":"https:\/\/hotelcram.com\/ca\/aviso-legal\/#breadcrumb"},"inLanguage":"ca","potentialAction":[{"@type":"ReadAction","target":["https:\/\/hotelcram.com\/ca\/aviso-legal\/"]}]},{"@type":"BreadcrumbList","@id":"https:\/\/hotelcram.com\/ca\/aviso-legal\/#breadcrumb","itemListElement":[{"@type":"ListItem","position":1,"name":"Home","item":"https:\/\/hotelcram.com\/ca\/"},{"@type":"ListItem","position":2,"name":"Av\u00eds Legal"}]},{"@type":"WebSite","@id":"https:\/\/hotelcram.com\/ca\/#website","url":"https:\/\/hotelcram.com\/ca\/","name":"Hotel Cram Barcelona","description":"","publisher":{"@id":"https:\/\/hotelcram.com\/ca\/#organization"},"potentialAction":[{"@type":"SearchAction","target":{"@type":"EntryPoint","urlTemplate":"https:\/\/hotelcram.com\/ca\/?s={search_term_string}"},"query-input":{"@type":"PropertyValueSpecification","valueRequired":true,"valueName":"search_term_string"}}],"inLanguage":"ca"},{"@type":"Organization","@id":"https:\/\/hotelcram.com\/ca\/#organization","name":"Hotel Cram Barcelona","url":"https:\/\/hotelcram.com\/ca\/","logo":{"@type":"ImageObject","inLanguage":"ca","@id":"https:\/\/hotelcram.com\/ca\/#\/schema\/logo\/image\/","url":"https:\/\/hotelcram.com\/wp-content\/uploads\/sites\/3\/2024\/11\/cropped-fav-cram.png","contentUrl":"https:\/\/hotelcram.com\/wp-content\/uploads\/sites\/3\/2024\/11\/cropped-fav-cram.png","width":512,"height":512,"caption":"Hotel Cram Barcelona"},"image":{"@id":"https:\/\/hotelcram.com\/ca\/#\/schema\/logo\/image\/"}}]}},"_links":{"self":[{"href":"https:\/\/hotelcram.com\/ca\/wp-json\/wp\/v2\/pages\/2980","targetHints":{"allow":["GET"]}}],"collection":[{"href":"https:\/\/hotelcram.com\/ca\/wp-json\/wp\/v2\/pages"}],"about":[{"href":"https:\/\/hotelcram.com\/ca\/wp-json\/wp\/v2\/types\/page"}],"author":[{"embeddable":true,"href":"https:\/\/hotelcram.com\/ca\/wp-json\/wp\/v2\/users\/1"}],"replies":[{"embeddable":true,"href":"https:\/\/hotelcram.com\/ca\/wp-json\/wp\/v2\/comments?post=2980"}],"version-history":[{"count":2,"href":"https:\/\/hotelcram.com\/ca\/wp-json\/wp\/v2\/pages\/2980\/revisions"}],"predecessor-version":[{"id":2984,"href":"https:\/\/hotelcram.com\/ca\/wp-json\/wp\/v2\/pages\/2980\/revisions\/2984"}],"wp:attachment":[{"href":"https:\/\/hotelcram.com\/ca\/wp-json\/wp\/v2\/media?parent=2980"}],"curies":[{"name":"wp","href":"https:\/\/api.w.org\/{rel}","templated":true}]}}